{"id":85,"date":"2022-01-25T16:52:48","date_gmt":"2022-01-25T15:52:48","guid":{"rendered":"http:\/\/marcastel.fr\/wp\/?page_id=85"},"modified":"2022-01-25T16:52:48","modified_gmt":"2022-01-25T15:52:48","slug":"naissance-dun-rucher","status":"publish","type":"page","link":"https:\/\/marcastel.fr\/wp\/?page_id=85","title":{"rendered":"Naissance d&rsquo;un Rucher"},"content":{"rendered":"\n<h2>un jour de septembre 2010.<\/h2>\n\n\n\n<p><\/p>\n\n\n\n<p>C&rsquo;est en septembre 2010 qu&rsquo;est n\u00e9 mon rucher. Il y a d\u00e9j\u00e0 un moment que cette id\u00e9e me trottait dans la t\u00eate, mais une peur panique m&rsquo;a toujours fait penser qu&rsquo;il m&rsquo;\u00e9tait impossible de m&rsquo;occuper d&rsquo;un rucher.<br>En fait, mon terrain borde un rucher de 30 ruches, et j&rsquo;ai pass\u00e9 plus de 20 ans \u00e0 l&rsquo;\u00e9viter avec beaucoup d&rsquo;application. Ce terrain est devenu un roncier inaccessible jusqu&rsquo;au jour ou j&rsquo;ai d\u00e9cid\u00e9 de planter des truffiers. Et avec l&rsquo;aide de mes beaux parents nous avons coup\u00e9, brul\u00e9 et cela jusqu&rsquo;aux pieds des ruches, en avan\u00e7ant doucement, sans vraiment s&rsquo;en rendre compte, jusqu&rsquo;au jour ou j&rsquo;ai fait tomber une branche sur une ruche et\u2026.rien, jamais une piqure sur 2 mois de travail, aux mois d&rsquo;avril et de mai !!! En fait les abeilles \u2026 si tu les laisses tranquilles, elles font leur bonhomme de chemin, bien trop occup\u00e9es \u00e0 faire vivre leur colonie.<\/p>\n\n\n\n<div class=\"wp-block-image is-style-twentytwentyone-image-frame\"><figure class=\"aligncenter size-full\"><img loading=\"lazy\" width=\"600\" height=\"434\" src=\"https:\/\/marcastel.fr\/wp\/wp-content\/uploads\/2022\/01\/arrive1ereruche.jpg\" alt=\"\" class=\"wp-image-88\" srcset=\"https:\/\/marcastel.fr\/wp\/wp-content\/uploads\/2022\/01\/arrive1ereruche.jpg 600w, https:\/\/marcastel.fr\/wp\/wp-content\/uploads\/2022\/01\/arrive1ereruche-300x217.jpg 300w, https:\/\/marcastel.fr\/wp\/wp-content\/uploads\/2022\/01\/arrive1ereruche-100x72.jpg 100w, https:\/\/marcastel.fr\/wp\/wp-content\/uploads\/2022\/01\/arrive1ereruche-150x109.jpg 150w, https:\/\/marcastel.fr\/wp\/wp-content\/uploads\/2022\/01\/arrive1ereruche-200x145.jpg 200w, https:\/\/marcastel.fr\/wp\/wp-content\/uploads\/2022\/01\/arrive1ereruche-450x326.jpg 450w\" sizes=\"(max-width: 600px) 100vw, 600px\" \/><figcaption>Ma premi\u00e8re ruche<\/figcaption><\/figure><\/div>\n\n\n\n<p><br>Et du coup, je me suis mis \u00e0 discuter avec l&rsquo;apiculteur, et l&rsquo;id\u00e9e a germ\u00e9\u2026pourquoi pas moi?<br>C&rsquo;est un autre apiculteur professionnel, qui m&rsquo;a vendu mon premier essaim que j&rsquo;ai install\u00e9 dans ma 1ere ruche, qui m&rsquo;a donn\u00e9 les 1er conseils et m&rsquo;a invit\u00e9 \u00e0 venir travailler avec lui, pour voir.<br>3 samedis apr\u00e8s midi d&rsquo;\u00e9tonnement, plus de 100 ruches ouvertes par apr\u00e8s midi pour pr\u00e9parer l&rsquo;hivernage, 100 fois une remarque sur un d\u00e9tail, 100 fois mieux qu&rsquo;un livre. Et 3 piqures, chose que j&rsquo;appr\u00e9hendais \u00e9norm\u00e9ment, en fait, pour moi qui est la chance de ne pas \u00eatre allergique, c&rsquo;est loin d&rsquo;\u00eatre aussi douloureux qu&rsquo;un coup de marteau sur le bout des doigts.<br><br>Comme pour la truffe avec Mr Urgel, merci \u00e0 Stephen Berben, il m&rsquo;a inocul\u00e9 le virus\u2026et bien plus.<br>L&rsquo;attention apr\u00e8s l&rsquo;appr\u00e9hension, c&rsquo;est mon 1er contact avec mes abeilles et je suis plus attentif aux conseils, avec un 1er salut \u00e0 ma reine.<\/p>\n\n\n\n<p><\/p>\n","protected":false},"excerpt":{"rendered":"<p>un jour de septembre 2010. C&rsquo;est en septembre 2010 qu&rsquo;est n\u00e9 mon rucher. Il y a d\u00e9j\u00e0 un moment que cette id\u00e9e me trottait dans la t\u00eate, mais une peur panique m&rsquo;a toujours fait penser qu&rsquo;il m&rsquo;\u00e9tait impossible de m&rsquo;occuper d&rsquo;un rucher.En fait, mon terrain borde un rucher de 30 ruches, et j&rsquo;ai pass\u00e9 plus [&hellip;]<\/p>\n","protected":false},"author":1,"featured_media":0,"parent":0,"menu_order":0,"comment_status":"closed","ping_status":"closed","template":"","meta":[],"_links":{"self":[{"href":"https:\/\/marcastel.fr\/wp\/index.php?rest_route=\/wp\/v2\/pages\/85"}],"collection":[{"href":"https:\/\/marcastel.fr\/wp\/index.php?rest_route=\/wp\/v2\/pages"}],"about":[{"href":"https:\/\/marcastel.fr\/wp\/index.php?rest_route=\/wp\/v2\/types\/page"}],"author":[{"embeddable":true,"href":"https:\/\/marcastel.fr\/wp\/index.php?rest_route=\/wp\/v2\/users\/1"}],"replies":[{"embeddable":true,"href":"https:\/\/marcastel.fr\/wp\/index.php?rest_route=%2Fwp%2Fv2%2Fcomments&post=85"}],"version-history":[{"count":3,"href":"https:\/\/marcastel.fr\/wp\/index.php?rest_route=\/wp\/v2\/pages\/85\/revisions"}],"predecessor-version":[{"id":89,"href":"https:\/\/marcastel.fr\/wp\/index.php?rest_route=\/wp\/v2\/pages\/85\/revisions\/89"}],"wp:attachment":[{"href":"https:\/\/marcastel.fr\/wp\/index.php?rest_route=%2Fwp%2Fv2%2Fmedia&parent=85"}],"curies":[{"name":"wp","href":"https:\/\/api.w.org\/{rel}","templated":true}]}}