{"id":5,"date":"2022-01-20T22:58:07","date_gmt":"2022-01-20T21:58:07","guid":{"rendered":"http:\/\/marcastel.fr\/wp\/?page_id=5"},"modified":"2022-01-30T16:22:34","modified_gmt":"2022-01-30T15:22:34","slug":"creez-votre-site-avec-des-blocs","status":"publish","type":"page","link":"https:\/\/marcastel.fr\/wp\/","title":{"rendered":"Nouveau site du rucher et des truffi\u00e8res de Reyterie"},"content":{"rendered":"\n<div style=\"height:5px\" aria-hidden=\"true\" class=\"wp-block-spacer\"><\/div>\n\n\n\n<p>Le rucher de Reyterie est heureux de vous accueillir sur ce site. Il est en construction, vous allez trouver des pages vides, des liens qui ne fonctionnent pas correctement et quelques fautes d&rsquo;orthographe. Soyez indulgent. Je vais essayer de remettre en ligne les articles les plus appr\u00e9ci\u00e9 de l&rsquo;ancien site: le calcul des d\u00e9bits de ruche, la qualit\u00e9 du miel, les astuces,&#8230;<\/p>\n\n\n\n<p>Les truffi\u00e8res de Reyterie: il y a beaucoup de changement, beaucoup d&rsquo;arbre plant\u00e9s, les premi\u00e8res truffes sont l\u00e0.  <\/p>\n\n\n\n<div class=\"wp-block-columns alignwide are-vertically-aligned-center is-style-twentytwentyone-columns-overlap\">\n<div class=\"wp-block-column is-vertically-aligned-center\">\n<figure class=\"wp-block-image alignfull size-large is-style-twentytwentyone-border\"><img loading=\"lazy\" width=\"1024\" height=\"498\" src=\"https:\/\/marcastel.fr\/wp\/wp-content\/uploads\/2022\/01\/Reyterie2019_11BrumeMatin2-1024x498.jpeg\" alt=\"\" class=\"wp-image-30\" srcset=\"https:\/\/marcastel.fr\/wp\/wp-content\/uploads\/2022\/01\/Reyterie2019_11BrumeMatin2-1024x498.jpeg 1024w, https:\/\/marcastel.fr\/wp\/wp-content\/uploads\/2022\/01\/Reyterie2019_11BrumeMatin2-300x146.jpeg 300w, https:\/\/marcastel.fr\/wp\/wp-content\/uploads\/2022\/01\/Reyterie2019_11BrumeMatin2-768x373.jpeg 768w, https:\/\/marcastel.fr\/wp\/wp-content\/uploads\/2022\/01\/Reyterie2019_11BrumeMatin2-1536x747.jpeg 1536w, https:\/\/marcastel.fr\/wp\/wp-content\/uploads\/2022\/01\/Reyterie2019_11BrumeMatin2-2048x996.jpeg 2048w, https:\/\/marcastel.fr\/wp\/wp-content\/uploads\/2022\/01\/Reyterie2019_11BrumeMatin2-1568x762.jpeg 1568w\" sizes=\"(max-width: 1024px) 100vw, 1024px\" \/><figcaption>Vue sur les truffi\u00e8res<\/figcaption><\/figure>\n\n\n\n<div style=\"height:100px\" aria-hidden=\"true\" class=\"wp-block-spacer\"><\/div>\n\n\n\n<figure class=\"wp-block-image alignfull size-large is-style-twentytwentyone-border\"><img loading=\"lazy\" width=\"1024\" height=\"498\" src=\"https:\/\/marcastel.fr\/wp\/wp-content\/uploads\/2022\/01\/Reyterie2019_11BrumeMatin4-1024x498.jpeg\" alt=\"\" class=\"wp-image-32\" srcset=\"https:\/\/marcastel.fr\/wp\/wp-content\/uploads\/2022\/01\/Reyterie2019_11BrumeMatin4-1024x498.jpeg 1024w, https:\/\/marcastel.fr\/wp\/wp-content\/uploads\/2022\/01\/Reyterie2019_11BrumeMatin4-300x146.jpeg 300w, https:\/\/marcastel.fr\/wp\/wp-content\/uploads\/2022\/01\/Reyterie2019_11BrumeMatin4-768x373.jpeg 768w, https:\/\/marcastel.fr\/wp\/wp-content\/uploads\/2022\/01\/Reyterie2019_11BrumeMatin4-1536x747.jpeg 1536w, https:\/\/marcastel.fr\/wp\/wp-content\/uploads\/2022\/01\/Reyterie2019_11BrumeMatin4-2048x996.jpeg 2048w, https:\/\/marcastel.fr\/wp\/wp-content\/uploads\/2022\/01\/Reyterie2019_11BrumeMatin4-1568x762.jpeg 1568w\" sizes=\"(max-width: 1024px) 100vw, 1024px\" \/><figcaption>Les abeilles surveillent les truffi\u00e8res<\/figcaption><\/figure>\n<\/div>\n\n\n\n<div class=\"wp-block-column is-vertically-aligned-center\">\n<div style=\"height:10px\" aria-hidden=\"true\" class=\"wp-block-spacer\"><\/div>\n\n\n\n<figure class=\"wp-block-image size-large alignfull size-full is-style-twentytwentyone-border\"><img loading=\"lazy\" width=\"576\" height=\"1024\" src=\"https:\/\/marcastel.fr\/wp\/wp-content\/uploads\/2022\/01\/20180107_093625-576x1024.jpg\" alt=\"\" class=\"wp-image-82\" srcset=\"https:\/\/marcastel.fr\/wp\/wp-content\/uploads\/2022\/01\/20180107_093625-576x1024.jpg 576w, https:\/\/marcastel.fr\/wp\/wp-content\/uploads\/2022\/01\/20180107_093625-169x300.jpg 169w, https:\/\/marcastel.fr\/wp\/wp-content\/uploads\/2022\/01\/20180107_093625-768x1365.jpg 768w, https:\/\/marcastel.fr\/wp\/wp-content\/uploads\/2022\/01\/20180107_093625-864x1536.jpg 864w, https:\/\/marcastel.fr\/wp\/wp-content\/uploads\/2022\/01\/20180107_093625-1152x2048.jpg 1152w, https:\/\/marcastel.fr\/wp\/wp-content\/uploads\/2022\/01\/20180107_093625-100x178.jpg 100w, https:\/\/marcastel.fr\/wp\/wp-content\/uploads\/2022\/01\/20180107_093625-150x267.jpg 150w, https:\/\/marcastel.fr\/wp\/wp-content\/uploads\/2022\/01\/20180107_093625-200x356.jpg 200w, https:\/\/marcastel.fr\/wp\/wp-content\/uploads\/2022\/01\/20180107_093625-300x533.jpg 300w, https:\/\/marcastel.fr\/wp\/wp-content\/uploads\/2022\/01\/20180107_093625-450x800.jpg 450w, https:\/\/marcastel.fr\/wp\/wp-content\/uploads\/2022\/01\/20180107_093625-600x1067.jpg 600w, https:\/\/marcastel.fr\/wp\/wp-content\/uploads\/2022\/01\/20180107_093625-900x1600.jpg 900w, https:\/\/marcastel.fr\/wp\/wp-content\/uploads\/2022\/01\/20180107_093625-scaled.jpg 1440w\" sizes=\"(max-width: 576px) 100vw, 576px\" \/><figcaption>Reyterie <\/figcaption><\/figure>\n<\/div>\n<\/div>\n\n\n\n<div style=\"height:10px\" aria-hidden=\"true\" class=\"wp-block-spacer\"><\/div>\n\n\n\n<div class=\"wp-block-columns alignwide are-vertically-aligned-top\">\n<div class=\"wp-block-column is-vertically-aligned-top\">\n<h3 id=\"apiculture\">Apiculture<\/h3>\n\n\n\n<p>C&rsquo;est le bon moment pour le traitement \u00e0 l&rsquo;acide oxalique, les conditions sont remplies: il fait tr\u00e8s beau donc tr\u00e8s froid la nuit et plus de 10\u00b0 la journ\u00e9e. il n&rsquo;y a pas de couvain ou tr\u00e8s peu.<\/p>\n<\/div>\n\n\n\n<div class=\"wp-block-column is-vertically-aligned-top\">\n<h3 id=\"trufficulture\">Trufficulture<\/h3>\n\n\n\n<p>C&rsquo;est encore le moment pour chercher les truffes mais mon emploi du temps me laisse peu de temps. Je pr\u00e9f\u00e8re dresser Solo, mon petit Lagotto. Il faut aussi faire du bois, tailler les arbres truffiers, Les truffes attendront la retraite \ud83d\ude42 <\/p>\n<\/div>\n\n\n\n<div class=\"wp-block-column is-vertically-aligned-top\">\n<h3 id=\"un-autre-site\">Un autre site<\/h3>\n\n\n\n<p>Un autre site n\u00e9 en ce moment, ami de toujours. Fruit de  la passion pour une petite vall\u00e9e, un petit ruisseau mais dont l&rsquo;histoire est mise en lumi\u00e8re par quelques passionn\u00e9s :<\/p>\n\n\n\n<p><a rel=\"noreferrer noopener\" href=\"http:\/\/grahaldusalembre.fr\/\" target=\"_blank\">Grahal du Salembre<\/a><\/p>\n\n\n\n<p><\/p>\n<\/div>\n<\/div>\n\n\n\n<div style=\"height:100px\" aria-hidden=\"true\" class=\"wp-block-spacer\"><\/div>\n\n\n\n<div class=\"wp-block-cover alignwide is-light is-style-twentytwentyone-border\"><span aria-hidden=\"true\" class=\"has-green-background-color has-background-dim-100 wp-block-cover__gradient-background has-background-dim\"><\/span><div class=\"wp-block-cover__inner-container\">\n<div style=\"height:20px\" aria-hidden=\"true\" class=\"wp-block-spacer\"><\/div>\n\n\n\n<p class=\"has-huge-font-size\">Besoin d\u2019aide&nbsp;?<\/p>\n\n\n\n<div style=\"height:75px\" aria-hidden=\"true\" class=\"wp-block-spacer\"><\/div>\n\n\n\n<div class=\"wp-block-columns\">\n<div class=\"wp-block-column\">\n<p><a href=\"https:\/\/wordpress.org\/support\/article\/twenty-twenty-one\/\">Lire la documentation du th\u00e8me<\/a><\/p>\n<\/div>\n\n\n\n<div class=\"wp-block-column\">\n<p><a href=\"https:\/\/wordpress.org\/support\/theme\/twentytwentyone\/\">Consulter les forums de support<\/a><\/p>\n<\/div>\n<\/div>\n\n\n\n<div style=\"height:20px\" aria-hidden=\"true\" class=\"wp-block-spacer\"><\/div>\n<\/div><\/div>\n","protected":false},"excerpt":{"rendered":"<p>Le rucher de Reyterie est heureux de vous accueillir sur ce site. Il est en construction, vous allez trouver des pages vides, des liens qui ne fonctionnent pas correctement et quelques fautes d&rsquo;orthographe. Soyez indulgent. Je vais essayer de remettre en ligne les articles les plus appr\u00e9ci\u00e9 de l&rsquo;ancien site: le calcul des d\u00e9bits de [&hellip;]<\/p>\n","protected":false},"author":1,"featured_media":0,"parent":0,"menu_order":0,"comment_status":"closed","ping_status":"closed","template":"","meta":[],"_links":{"self":[{"href":"https:\/\/marcastel.fr\/wp\/index.php?rest_route=\/wp\/v2\/pages\/5"}],"collection":[{"href":"https:\/\/marcastel.fr\/wp\/index.php?rest_route=\/wp\/v2\/pages"}],"about":[{"href":"https:\/\/marcastel.fr\/wp\/index.php?rest_route=\/wp\/v2\/types\/page"}],"author":[{"embeddable":true,"href":"https:\/\/marcastel.fr\/wp\/index.php?rest_route=\/wp\/v2\/users\/1"}],"replies":[{"embeddable":true,"href":"https:\/\/marcastel.fr\/wp\/index.php?rest_route=%2Fwp%2Fv2%2Fcomments&post=5"}],"version-history":[{"count":17,"href":"https:\/\/marcastel.fr\/wp\/index.php?rest_route=\/wp\/v2\/pages\/5\/revisions"}],"predecessor-version":[{"id":164,"href":"https:\/\/marcastel.fr\/wp\/index.php?rest_route=\/wp\/v2\/pages\/5\/revisions\/164"}],"wp:attachment":[{"href":"https:\/\/marcastel.fr\/wp\/index.php?rest_route=%2Fwp%2Fv2%2Fmedia&parent=5"}],"curies":[{"name":"wp","href":"https:\/\/api.w.org\/{rel}","templated":true}]}}