{"id":213,"date":"2022-02-07T20:20:04","date_gmt":"2022-02-07T19:20:04","guid":{"rendered":"https:\/\/marcastel.fr\/wp\/?page_id=213"},"modified":"2022-02-09T21:03:20","modified_gmt":"2022-02-09T20:03:20","slug":"galeries-photos","status":"publish","type":"page","link":"https:\/\/marcastel.fr\/wp\/?page_id=213","title":{"rendered":"galeries photos"},"content":{"rendered":"\n<h2 id=\"reyterie\">Reyterie<\/h2>\n\n\n\n<div class=\"wp-block-ftg-gallery\"><!-- Final Tiles Grid Gallery for WordPress v3.5.6 free --><style>#ftg-11 .tile .icon { color:#ffffff; }#ftg-11 .ftg-items .loading-bar i { background:#666; }#ftg-11 .ftg-items .loading-bar { background:#fff; }#ftg-11 .tile .icon { font-size:12px; }#ftg-11 .tile .icon { margin: -6px 0 0 -6px; }#ftg-11 .tile .caption-block .text-wrapper span.text { font-size:12px; }#ftg-11 .tile .caption-outside .text-wrapper span.text { font-size:12px; }#ftg-11 .tile .caption-block .text-wrapper span.title { font-size:14px; }#ftg-11 .tile .caption-outside .text-wrapper span.title { font-size:14px; }#ftg-11 .tile { background-color: transparent; }#ftg-11 .tile .caption-block .text-wrapper span.text { color: #ffffff; }#ftg-11 .tile .caption-block .text-wrapper span.title { color: #ffffff; }#ftg-11 .tile .caption-outside .text-wrapper span.text { color: #ffffff; }#ftg-11 .tile .caption-outside .text-wrapper span.title { color: #ffffff; }#ftg-11 .tile .ftg-social a { color: #ffffff; }#ftg-11 .tile .caption-block { transition-duration:0.25s; }#ftg-11 .tile .tile-inner:before { background-color: #000000; }#ftg-11 .tile .tile-inner:before { background-color: rgba(0, 0, 0, 0.8); }#ftg-11 .tile:hover img {-moz-transform: -moz-rotate(0deg) -moz-scale(0) ;-webkit-transform: -webkit-rotate(0deg) -webkit-scale(0) ;-o-transform: -o-rotate(0deg) -o-scale(0) ;-ms-transform: -ms-rotate(0deg) -ms-scale(0) ;transform: rotate(0deg) scale(0) ;}<\/style><a name='1'><\/a><div class='final-tiles-gallery  ftg-hover-enabled caption-inside  caption-none caption-middle caption-center' id='ftg-11' style='width:100%'><div class='ftg-items'><div class='loading-bar'><i><\/i><\/div><div  class='tile ftg-preload  '><a title=\"Arriv\u00e9e de ma 1ere ruche\" data-lightbox='ftg-11' rel='ftg-11'  class=' tile-inner  ftg-lightbox' href='https:\/\/marcastel.fr\/wp\/wp-content\/uploads\/2022\/01\/arrive1ereruche.jpg' ><img alt='Arriv\u00e9e de ma 1ere ruche' class='item skip-lazy' data-class='item' data-ftg-source='https:\/\/marcastel.fr\/wp\/wp-content\/uploads\/2022\/01\/arrive1ereruche.jpg' src='https:\/\/marcastel.fr\/wp\/wp-content\/uploads\/2022\/01\/arrive1ereruche.jpg' width='600' height='434' \/><div class='caption-block'><div class='text-wrapper'><span class='title'>Arriv\u00e9e de ma 1ere ruche<\/span><\/div><\/div><\/a><div class='ftg-social'><\/div><\/div><div  class='tile ftg-preload  '><a title=\"Jeu d&#039;enfant\" data-lightbox='ftg-11' rel='ftg-11'  class=' tile-inner  ftg-lightbox' href='https:\/\/marcastel.fr\/wp\/wp-content\/uploads\/2022\/01\/20180107_093625-576x1024.jpg' ><img alt='Jeu d&#039;enfant' class='item skip-lazy' data-class='item' data-ftg-source='https:\/\/marcastel.fr\/wp\/wp-content\/uploads\/2022\/01\/20180107_093625-576x1024.jpg' src='https:\/\/marcastel.fr\/wp\/wp-content\/uploads\/2022\/01\/20180107_093625-576x1024.jpg' width='576' height='1024' \/><div class='caption-block'><div class='text-wrapper'><span class='title'>Jeu d'enfant<\/span><\/div><\/div><\/a><div class='ftg-social'><\/div><\/div><div  class='tile ftg-preload  '><a title=\"Abeille\" data-lightbox='ftg-11' rel='ftg-11'  class=' tile-inner  ftg-lightbox' href='https:\/\/marcastel.fr\/wp\/wp-content\/uploads\/2022\/01\/cropped-cropped-abeille18cr_20121218_1927266808-1024x307.jpg' ><img alt='Abeille' class='item skip-lazy' data-class='item' data-ftg-source='https:\/\/marcastel.fr\/wp\/wp-content\/uploads\/2022\/01\/cropped-cropped-abeille18cr_20121218_1927266808-1024x307.jpg' src='https:\/\/marcastel.fr\/wp\/wp-content\/uploads\/2022\/01\/cropped-cropped-abeille18cr_20121218_1927266808-1024x307.jpg' width='1024' height='307' \/><div class='caption-block'><div class='text-wrapper'><span class='title'>Abeille<\/span><\/div><\/div><\/a><div class='ftg-social'><\/div><\/div><div  class='tile ftg-preload  '><a title=\"Rucher de Reyterie Novembre 2019 Brume du Matin\" data-lightbox='ftg-11' rel='ftg-11'  class=' tile-inner  ftg-lightbox' href='https:\/\/marcastel.fr\/wp\/wp-content\/uploads\/2022\/01\/Reyterie2019_11BrumeMatin4-1024x498.jpeg' ><img alt='Rucher de Reyterie Novembre 2019 Brume du Matin' class='item skip-lazy' data-class='item' data-ftg-source='https:\/\/marcastel.fr\/wp\/wp-content\/uploads\/2022\/01\/Reyterie2019_11BrumeMatin4-1024x498.jpeg' src='https:\/\/marcastel.fr\/wp\/wp-content\/uploads\/2022\/01\/Reyterie2019_11BrumeMatin4-1024x498.jpeg' width='1024' height='498' \/><div class='caption-block'><div class='text-wrapper'><span class='title'>Rucher de Reyterie Novembre 2019 Brume du Matin<\/span><\/div><\/div><\/a><div class='ftg-social'><\/div><\/div><div  class='tile ftg-preload  '><a title=\"Rucher de Reyterie Novembre 2019 Brume du Matin\" data-lightbox='ftg-11' rel='ftg-11'  class=' tile-inner  ftg-lightbox' href='https:\/\/marcastel.fr\/wp\/wp-content\/uploads\/2022\/01\/Reyterie2019_11BrumeMatin3-1024x498.jpeg' ><img alt='Rucher de Reyterie Novembre 2019 Brume du Matin' class='item skip-lazy' data-class='item' data-ftg-source='https:\/\/marcastel.fr\/wp\/wp-content\/uploads\/2022\/01\/Reyterie2019_11BrumeMatin3-1024x498.jpeg' src='https:\/\/marcastel.fr\/wp\/wp-content\/uploads\/2022\/01\/Reyterie2019_11BrumeMatin3-1024x498.jpeg' width='1024' height='498' \/><div class='caption-block'><div class='text-wrapper'><span class='title'>Rucher de Reyterie Novembre 2019 Brume du Matin<\/span><\/div><\/div><\/a><div class='ftg-social'><\/div><\/div><div  class='tile ftg-preload  '><a title=\"Reyterie Novembre 2019 Brume Matin\" data-lightbox='ftg-11' rel='ftg-11'  class=' tile-inner  ftg-lightbox' href='https:\/\/marcastel.fr\/wp\/wp-content\/uploads\/2022\/01\/Reyterie2019_11BrumeMatin2-1024x498.jpeg' ><img alt='Reyterie Novembre 2019 Brume Matin' class='item skip-lazy' data-class='item' data-ftg-source='https:\/\/marcastel.fr\/wp\/wp-content\/uploads\/2022\/01\/Reyterie2019_11BrumeMatin2-1024x498.jpeg' src='https:\/\/marcastel.fr\/wp\/wp-content\/uploads\/2022\/01\/Reyterie2019_11BrumeMatin2-1024x498.jpeg' width='1024' height='498' \/><div class='caption-block'><div class='text-wrapper'><span class='title'>Reyterie Novembre 2019 Brume Matin<\/span><\/div><\/div><\/a><div class='ftg-social'><\/div><\/div><div  class='tile ftg-preload  '><a title=\"Reyterie2019_11BrumeMatin1\" data-lightbox='ftg-11' rel='ftg-11'  class=' tile-inner  ftg-lightbox' href='https:\/\/marcastel.fr\/wp\/wp-content\/uploads\/2022\/01\/Reyterie2019_11BrumeMatin1-1024x498.jpeg' ><img alt='Reyterie2019_11BrumeMatin1' class='item skip-lazy' data-class='item' data-ftg-source='https:\/\/marcastel.fr\/wp\/wp-content\/uploads\/2022\/01\/Reyterie2019_11BrumeMatin1-1024x498.jpeg' src='https:\/\/marcastel.fr\/wp\/wp-content\/uploads\/2022\/01\/Reyterie2019_11BrumeMatin1-1024x498.jpeg' width='1024' height='498' \/><div class='caption-block'><div class='text-wrapper'><span class='title'>Reyterie2019_11BrumeMatin1<\/span><\/div><\/div><\/a><div class='ftg-social'><\/div><\/div><div  class='tile ftg-preload  '><a title=\"Reyterie Lev\u00e9e du jour\" data-lightbox='ftg-11' rel='ftg-11'  class=' tile-inner  ftg-lightbox' href='https:\/\/marcastel.fr\/wp\/wp-content\/uploads\/2022\/01\/20181205_074228-1024x576.jpg' ><img alt='Reyterie_Lev\u00e9eduJour' class='item skip-lazy' data-class='item' data-ftg-source='https:\/\/marcastel.fr\/wp\/wp-content\/uploads\/2022\/01\/20181205_074228-1024x576.jpg' src='https:\/\/marcastel.fr\/wp\/wp-content\/uploads\/2022\/01\/20181205_074228-1024x576.jpg' width='1024' height='576' \/><div class='caption-block'><div class='text-wrapper'><span class='title'>Reyterie Lev\u00e9e du jour<\/span><\/div><\/div><\/a><div class='ftg-social'><\/div><\/div><div  class='tile ftg-preload  '><a title=\"dressage8\" data-lightbox='ftg-11' rel='ftg-11'  class=' tile-inner  ftg-lightbox' href='https:\/\/marcastel.fr\/wp\/wp-content\/uploads\/2022\/02\/dressage8.jpg' ><img alt='Dressage Eliot Hiver 2010' class='item skip-lazy' data-class='item' data-ftg-source='https:\/\/marcastel.fr\/wp\/wp-content\/uploads\/2022\/02\/dressage8.jpg' src='https:\/\/marcastel.fr\/wp\/wp-content\/uploads\/2022\/02\/dressage8.jpg' width='531' height='800' \/><div class='caption-block'><div class='text-wrapper'><span class='title'>dressage8<\/span><\/div><\/div><\/a><div class='ftg-social'><\/div><\/div><div  class='tile ftg-preload  '><a title=\"Reyterie en Hiver\" data-lightbox='ftg-11' rel='ftg-11'  class=' tile-inner  ftg-lightbox' href='https:\/\/marcastel.fr\/wp\/wp-content\/uploads\/2022\/02\/ChroniqueTruffe-1024x449.jpg' ><img alt='Reyterie en Hiver' class='item skip-lazy' data-class='item' data-ftg-source='https:\/\/marcastel.fr\/wp\/wp-content\/uploads\/2022\/02\/ChroniqueTruffe-1024x449.jpg' src='https:\/\/marcastel.fr\/wp\/wp-content\/uploads\/2022\/02\/ChroniqueTruffe-1024x449.jpg' width='1024' height='449' \/><div class='caption-block'><div class='text-wrapper'><span class='title'>Reyterie en Hiver<\/span><\/div><\/div><\/a><div class='ftg-social'><\/div><\/div><\/div><\/div><script type='text\/javascript'>jQuery('#ftg-11 img.item').removeAttr('src');jQuery(document).ready(function () {setTimeout(function () {jQuery('#ftg-11').finalTilesGallery({minTileWidth: 250,margin: 10,loadMethod: 'sequential',nonce: '81abbdc224',galleryId: '1',setupFilters: true,layout: 'columns',debug: false,gridSize: 25,disableGridSizeBelow:800,allowEnlargement: true,columns: [[4000, 4],[1024, 4],[800, 3],[480, 3],[320, 2]],selectedFilter: 'n-a'});jQuery(function () {(function () {var rel = '';jQuery('#ftg-11 .ftg-lightbox').click(function (e) {rel = jQuery(this).attr('rel');jQuery('#ftg-11 .ftg-current').removeClass('ftg-current');jQuery('#ftg-11 [rel=\"'+rel+'\"]').addClass('ftg-current');});})();});}, 0);});<\/script><\/div>\n\n\n\n<h2 id=\"eliot-et-solo-apprennent-a-trouver-des-truffes\">Eliot et Solo apprennent \u00e0 trouver des truffes <\/h2>\n\n\n\n<p>Eliot, coup\u00e9 labrador\/schnauzer, est arriv\u00e9 chez nous en 2009. j&rsquo;ai commenc\u00e9 \u00e0 lui apprendre \u00e0 chercher les truffes dans l&rsquo;hiver 2009-2010. Il a trouv\u00e9 sa premi\u00e8re vrai truffe pendant l&rsquo;hiver 2019, il n&rsquo;a rien oubli\u00e9 mais n&rsquo;ai plus int\u00e9ress\u00e9 par les truffes. Solo, lagotto, est arriv\u00e9 en septembre 2021, il a trouv\u00e9 ses premi\u00e8res truffes en d\u00e9cembre 2021. Dommage, cette saison n&rsquo;a pas \u00e9t\u00e9 tr\u00e8s bonne mais cela promet de bonnes r\u00e9coltes pour les ann\u00e9es \u00e0 venir.<\/p>\n\n\n\n<div class=\"wp-block-ftg-gallery\"><!-- Final Tiles Grid Gallery for WordPress v3.5.6 free --><style>#ftg-22 .tile .icon { color:#ffffff; }#ftg-22 .ftg-items .loading-bar i { background:#666; }#ftg-22 .ftg-items .loading-bar { background:#fff; }#ftg-22 .tile .icon { font-size:12px; }#ftg-22 .tile .icon { margin: -6px 0 0 -6px; }#ftg-22 .tile .caption-block .text-wrapper span.text { font-size:12px; }#ftg-22 .tile .caption-outside .text-wrapper span.text { font-size:12px; }#ftg-22 .tile .caption-block .text-wrapper span.title { font-size:14px; }#ftg-22 .tile .caption-outside .text-wrapper span.title { font-size:14px; }#ftg-22 .tile { background-color: transparent; }#ftg-22 .tile .caption-block .text-wrapper span.text { color: #ffffff; }#ftg-22 .tile .caption-block .text-wrapper span.title { color: #ffffff; }#ftg-22 .tile .caption-outside .text-wrapper span.text { color: #ffffff; }#ftg-22 .tile .caption-outside .text-wrapper span.title { color: #ffffff; }#ftg-22 .tile .ftg-social a { color: #ffffff; }#ftg-22 .tile .caption-block { transition-timing-function:linear; }#ftg-22 .tile .caption-block { transition-duration:0.25s; }#ftg-22 .tile .tile-inner:before { background-color: #000000; }#ftg-22 .tile .tile-inner:before { background-color: rgba(0, 0, 0, 0.8); }<\/style><a name='2'><\/a><div class='final-tiles-gallery  ftg-hover-enabled caption-inside  caption-none caption-middle caption-center' id='ftg-22' style='width:100%'><div class='ftg-items'><div class='loading-bar'><i><\/i><\/div><div  class='tile ftg-preload  '><a title=\"dressage9\" data-lightbox='ftg-22' rel='ftg-22'  class=' tile-inner  ftg-lightbox' href='https:\/\/marcastel.fr\/wp\/wp-content\/uploads\/2022\/02\/dressage9.jpg' ><img alt='Dressage Eliot Hiver 2010' class='item skip-lazy' data-class='item' data-ftg-source='https:\/\/marcastel.fr\/wp\/wp-content\/uploads\/2022\/02\/dressage9.jpg' src='https:\/\/marcastel.fr\/wp\/wp-content\/uploads\/2022\/02\/dressage9.jpg' width='531' height='800' \/><span class='icon fa fa-zoom'><\/span><div class='caption-block'><div class='text-wrapper'><span class='title'>dressage9<\/span><\/div><\/div><\/a><div class='ftg-social'><\/div><\/div><div  class='tile ftg-preload  '><a title=\"dressage8\" data-lightbox='ftg-22' rel='ftg-22'  class=' tile-inner  ftg-lightbox' href='https:\/\/marcastel.fr\/wp\/wp-content\/uploads\/2022\/02\/dressage8.jpg' ><img alt='Dressage Eliot Hiver 2010' class='item skip-lazy' data-class='item' data-ftg-source='https:\/\/marcastel.fr\/wp\/wp-content\/uploads\/2022\/02\/dressage8.jpg' src='https:\/\/marcastel.fr\/wp\/wp-content\/uploads\/2022\/02\/dressage8.jpg' width='531' height='800' \/><span class='icon fa fa-zoom'><\/span><div class='caption-block'><div class='text-wrapper'><span class='title'>dressage8<\/span><\/div><\/div><\/a><div class='ftg-social'><\/div><\/div><div  class='tile ftg-preload  '><a title=\"dressage7\" data-lightbox='ftg-22' rel='ftg-22'  class=' tile-inner  ftg-lightbox' href='https:\/\/marcastel.fr\/wp\/wp-content\/uploads\/2022\/02\/dressage7.jpg' ><img alt='Dressage Eliot Hiver 2010' class='item skip-lazy' data-class='item' data-ftg-source='https:\/\/marcastel.fr\/wp\/wp-content\/uploads\/2022\/02\/dressage7.jpg' src='https:\/\/marcastel.fr\/wp\/wp-content\/uploads\/2022\/02\/dressage7.jpg' width='531' height='800' \/><span class='icon fa fa-zoom'><\/span><div class='caption-block'><div class='text-wrapper'><span class='title'>dressage7<\/span><\/div><\/div><\/a><div class='ftg-social'><\/div><\/div><div  class='tile ftg-preload  '><a title=\"dressage6\" data-lightbox='ftg-22' rel='ftg-22'  class=' tile-inner  ftg-lightbox' href='https:\/\/marcastel.fr\/wp\/wp-content\/uploads\/2022\/02\/dressage6.jpg' ><img alt='Dressage Eliot Hiver 2010' class='item skip-lazy' data-class='item' data-ftg-source='https:\/\/marcastel.fr\/wp\/wp-content\/uploads\/2022\/02\/dressage6.jpg' src='https:\/\/marcastel.fr\/wp\/wp-content\/uploads\/2022\/02\/dressage6.jpg' width='531' height='800' \/><span class='icon fa fa-zoom'><\/span><div class='caption-block'><div class='text-wrapper'><span class='title'>dressage6<\/span><\/div><\/div><\/a><div class='ftg-social'><\/div><\/div><div  class='tile ftg-preload  '><a title=\"dressage5\" data-lightbox='ftg-22' rel='ftg-22'  class=' tile-inner  ftg-lightbox' href='https:\/\/marcastel.fr\/wp\/wp-content\/uploads\/2022\/02\/dressage5.jpg' ><img alt='Dressage Eliot Hiver 2010' class='item skip-lazy' data-class='item' data-ftg-source='https:\/\/marcastel.fr\/wp\/wp-content\/uploads\/2022\/02\/dressage5.jpg' src='https:\/\/marcastel.fr\/wp\/wp-content\/uploads\/2022\/02\/dressage5.jpg' width='531' height='800' \/><span class='icon fa fa-zoom'><\/span><div class='caption-block'><div class='text-wrapper'><span class='title'>dressage5<\/span><\/div><\/div><\/a><div class='ftg-social'><\/div><\/div><div  class='tile ftg-preload  '><a title=\"dressage4\" data-lightbox='ftg-22' rel='ftg-22'  class=' tile-inner  ftg-lightbox' href='https:\/\/marcastel.fr\/wp\/wp-content\/uploads\/2022\/02\/dressage4.jpg' ><img alt='Dressage Eliot Hiver 2010' class='item skip-lazy' data-class='item' data-ftg-source='https:\/\/marcastel.fr\/wp\/wp-content\/uploads\/2022\/02\/dressage4.jpg' src='https:\/\/marcastel.fr\/wp\/wp-content\/uploads\/2022\/02\/dressage4.jpg' width='531' height='800' \/><span class='icon fa fa-zoom'><\/span><div class='caption-block'><div class='text-wrapper'><span class='title'>dressage4<\/span><\/div><\/div><\/a><div class='ftg-social'><\/div><\/div><div  class='tile ftg-preload  '><a title=\"dressage3\" data-lightbox='ftg-22' rel='ftg-22'  class=' tile-inner  ftg-lightbox' href='https:\/\/marcastel.fr\/wp\/wp-content\/uploads\/2022\/02\/dressage3.jpg' ><img alt='Dressage Eliot Hiver 2010' class='item skip-lazy' data-class='item' data-ftg-source='https:\/\/marcastel.fr\/wp\/wp-content\/uploads\/2022\/02\/dressage3.jpg' src='https:\/\/marcastel.fr\/wp\/wp-content\/uploads\/2022\/02\/dressage3.jpg' width='531' height='800' \/><span class='icon fa fa-zoom'><\/span><div class='caption-block'><div class='text-wrapper'><span class='title'>dressage3<\/span><\/div><\/div><\/a><div class='ftg-social'><\/div><\/div><div  class='tile ftg-preload  '><a title=\"dressage2\" data-lightbox='ftg-22' rel='ftg-22'  class=' tile-inner  ftg-lightbox' href='https:\/\/marcastel.fr\/wp\/wp-content\/uploads\/2022\/02\/dressage2.jpg' ><img alt='Dressage Eliot Hiver 2010' class='item skip-lazy' data-class='item' data-ftg-source='https:\/\/marcastel.fr\/wp\/wp-content\/uploads\/2022\/02\/dressage2.jpg' src='https:\/\/marcastel.fr\/wp\/wp-content\/uploads\/2022\/02\/dressage2.jpg' width='531' height='800' \/><span class='icon fa fa-zoom'><\/span><div class='caption-block'><div class='text-wrapper'><span class='title'>dressage2<\/span><\/div><\/div><\/a><div class='ftg-social'><\/div><\/div><div  class='tile ftg-preload  '><a title=\"dressage1\" data-lightbox='ftg-22' rel='ftg-22'  class=' tile-inner  ftg-lightbox' href='https:\/\/marcastel.fr\/wp\/wp-content\/uploads\/2022\/02\/dressage1.jpg' ><img alt='Dressage Eliot Hiver 2010' class='item skip-lazy' data-class='item' data-ftg-source='https:\/\/marcastel.fr\/wp\/wp-content\/uploads\/2022\/02\/dressage1.jpg' src='https:\/\/marcastel.fr\/wp\/wp-content\/uploads\/2022\/02\/dressage1.jpg' width='531' height='800' \/><span class='icon fa fa-zoom'><\/span><div class='caption-block'><div class='text-wrapper'><span class='title'>dressage1<\/span><\/div><\/div><\/a><div class='ftg-social'><\/div><\/div><\/div><\/div><script type='text\/javascript'>jQuery('#ftg-22 img.item').removeAttr('src');jQuery(document).ready(function () {setTimeout(function () {jQuery('#ftg-22').finalTilesGallery({minTileWidth: 250,margin: 10,loadMethod: 'sequential',nonce: '81abbdc224',galleryId: '2',setupFilters: true,layout: 'columns',debug: false,gridSize: 25,disableGridSizeBelow:800,allowEnlargement: true,columns: [[4000, 4],[1024, 4],[800, 3],[480, 3],[320, 2]],selectedFilter: 'n-a'});jQuery(function () {(function () {var rel = '';jQuery('#ftg-22 .ftg-lightbox').click(function (e) {rel = jQuery(this).attr('rel');jQuery('#ftg-22 .ftg-current').removeClass('ftg-current');jQuery('#ftg-22 [rel=\"'+rel+'\"]').addClass('ftg-current');});})();});}, 0);});<\/script><\/div>\n\n\n\n<p><\/p>\n","protected":false},"excerpt":{"rendered":"<p>Reyterie Eliot et Solo apprennent \u00e0 trouver des truffes Eliot, coup\u00e9 labrador\/schnauzer, est arriv\u00e9 chez nous en 2009. j&rsquo;ai commenc\u00e9 \u00e0 lui apprendre \u00e0 chercher les truffes dans l&rsquo;hiver 2009-2010. Il a trouv\u00e9 sa premi\u00e8re vrai truffe pendant l&rsquo;hiver 2019, il n&rsquo;a rien oubli\u00e9 mais n&rsquo;ai plus int\u00e9ress\u00e9 par les truffes. Solo, lagotto, est arriv\u00e9 [&hellip;]<\/p>\n","protected":false},"author":1,"featured_media":0,"parent":0,"menu_order":0,"comment_status":"closed","ping_status":"closed","template":"","meta":[],"_links":{"self":[{"href":"https:\/\/marcastel.fr\/wp\/index.php?rest_route=\/wp\/v2\/pages\/213"}],"collection":[{"href":"https:\/\/marcastel.fr\/wp\/index.php?rest_route=\/wp\/v2\/pages"}],"about":[{"href":"https:\/\/marcastel.fr\/wp\/index.php?rest_route=\/wp\/v2\/types\/page"}],"author":[{"embeddable":true,"href":"https:\/\/marcastel.fr\/wp\/index.php?rest_route=\/wp\/v2\/users\/1"}],"replies":[{"embeddable":true,"href":"https:\/\/marcastel.fr\/wp\/index.php?rest_route=%2Fwp%2Fv2%2Fcomments&post=213"}],"version-history":[{"count":8,"href":"https:\/\/marcastel.fr\/wp\/index.php?rest_route=\/wp\/v2\/pages\/213\/revisions"}],"predecessor-version":[{"id":247,"href":"https:\/\/marcastel.fr\/wp\/index.php?rest_route=\/wp\/v2\/pages\/213\/revisions\/247"}],"wp:attachment":[{"href":"https:\/\/marcastel.fr\/wp\/index.php?rest_route=%2Fwp%2Fv2%2Fmedia&parent=213"}],"curies":[{"name":"wp","href":"https:\/\/api.w.org\/{rel}","templated":true}]}}