{"id":174,"date":"2022-01-30T18:39:26","date_gmt":"2022-01-30T17:39:26","guid":{"rendered":"https:\/\/marcastel.fr\/wp\/?page_id=174"},"modified":"2022-01-30T18:40:25","modified_gmt":"2022-01-30T17:40:25","slug":"174-2","status":"publish","type":"page","link":"https:\/\/marcastel.fr\/wp\/?page_id=174","title":{"rendered":"La passion pour les arbres truffiers"},"content":{"rendered":"\n<p>Cette Article date de 2010, \u00e0 l&rsquo;\u00e9poque des premi\u00e8res plantations. Je le conserve car il est mon histoire.<\/p>\n\n\n\n<p>Lorsque j&rsquo;\u00e9cris cet article, je n&rsquo;ai encore jamais trouv\u00e9 une truffe dans mes plantations, bien sur j&rsquo;en ai trouv\u00e9 avec d&rsquo;autres trufficulteurs, mais il est facile d&rsquo;imaginer l&rsquo;impatience que j&rsquo;ai \u00e0 trouver ma premi\u00e8re. D&rsquo;o\u00f9 &lsquo;la trufficulture&rsquo; alors que j&rsquo;aurais pr\u00e9f\u00e9r\u00e9 &lsquo;les truffes&rsquo;<\/p>\n\n\n\n<p>Je raconte dans la premi\u00e8re plantation que j&rsquo;ai faite (2007-2008) comment est n\u00e9e cette passion, c&rsquo;est certain, la contagion est un facteur d\u00e9cisif. Je pense que si je n&rsquo;avais pas rencontr\u00e9 des personnes aussi sympathiques que Mr Guy Urgel \u00e0 Saint-Astier et Mr Bernard Lansac \u00e0 Coulaures, qui m&rsquo;ont infect\u00e9 avec ce champignon, j&rsquo;aurais plant\u00e9 quelques ch\u00eanes pubescents comme on plante un cerisier. Vous allez dire, planter un arbre fruitier c&rsquo;est bien, c&rsquo;est sympa, c&rsquo;est justement ce que j&rsquo;ai fait pour la naissance de mes 2 enfants et j&rsquo;en suis tr\u00e8s content. Ils me rappellent chaque saison que la chose la plus importante de ma vie sont mes enfants.<\/p>\n\n\n\n<p>Mais un arbre truffier c&rsquo;est autre chose, comme une promesse, un pari sur un avenir que l&rsquo;on se fabrique, bien loin des paris sur la bourse, les chevaux ou les boules de la Fran\u00e7aise. Mais au del\u00e0 de la compl\u00e9mentaire retraite, pour moi ancien du 9 3 comme on dit maintenant, c&rsquo;est assez magique, j&rsquo;y trouve une libert\u00e9 de faire<\/p>\n\n\n\n<p>Je ne vous donnerais pas de recettes miracles, je ne les connais pas, mais je serai content de partager cette passion avec ceux qui ont la chance de pouvoir la pratiquer et pour ceux qui sont loin de tout \u00e7a, que ces articles soient des fen\u00eatres ouvertes sur la nature.<\/p>\n\n\n\n<figure class=\"wp-block-image size-full\"><img loading=\"lazy\" width=\"600\" height=\"833\" src=\"https:\/\/marcastel.fr\/wp\/wp-content\/uploads\/2022\/01\/plant-chene-vert2-07-08.jpg\" alt=\"\" class=\"wp-image-92\" srcset=\"https:\/\/marcastel.fr\/wp\/wp-content\/uploads\/2022\/01\/plant-chene-vert2-07-08.jpg 600w, https:\/\/marcastel.fr\/wp\/wp-content\/uploads\/2022\/01\/plant-chene-vert2-07-08-216x300.jpg 216w, https:\/\/marcastel.fr\/wp\/wp-content\/uploads\/2022\/01\/plant-chene-vert2-07-08-100x139.jpg 100w, https:\/\/marcastel.fr\/wp\/wp-content\/uploads\/2022\/01\/plant-chene-vert2-07-08-150x208.jpg 150w, https:\/\/marcastel.fr\/wp\/wp-content\/uploads\/2022\/01\/plant-chene-vert2-07-08-200x278.jpg 200w, https:\/\/marcastel.fr\/wp\/wp-content\/uploads\/2022\/01\/plant-chene-vert2-07-08-300x417.jpg 300w, https:\/\/marcastel.fr\/wp\/wp-content\/uploads\/2022\/01\/plant-chene-vert2-07-08-450x625.jpg 450w\" sizes=\"(max-width: 600px) 100vw, 600px\" \/><figcaption>Plant ch\u00eane vert Hiver 2007\/2008<\/figcaption><\/figure>\n\n\n\n<p>J&rsquo;ai appris quelques petits trucs sur la Trufficulture<\/p>\n\n\n\n<ul><li>Malgr\u00e9 les id\u00e9es re\u00e7ues, et sauf exception que je ne conna\u00eetrai pas, on ne devient pas riche avec elle, enfin, pas de la richesse de notre soci\u00e9t\u00e9.<\/li><li>Les arbres truffiers nous rendent ce que nous leur donnons. Mais bien sur, rien ne sert de rester plant\u00e9 \u00e0 les regarder pousser, bien que&#8230; mais l\u00e0 ce n&rsquo;est pas \u00e0 l&rsquo;arbre que cela fait du bien.<\/li><\/ul>\n\n\n\n<p>Bonne visite &#8230;<\/p>\n","protected":false},"excerpt":{"rendered":"<p>Cette Article date de 2010, \u00e0 l&rsquo;\u00e9poque des premi\u00e8res plantations. Je le conserve car il est mon histoire. Lorsque j&rsquo;\u00e9cris cet article, je n&rsquo;ai encore jamais trouv\u00e9 une truffe dans mes plantations, bien sur j&rsquo;en ai trouv\u00e9 avec d&rsquo;autres trufficulteurs, mais il est facile d&rsquo;imaginer l&rsquo;impatience que j&rsquo;ai \u00e0 trouver ma premi\u00e8re. D&rsquo;o\u00f9 &lsquo;la trufficulture&rsquo; [&hellip;]<\/p>\n","protected":false},"author":1,"featured_media":0,"parent":0,"menu_order":0,"comment_status":"closed","ping_status":"closed","template":"","meta":[],"_links":{"self":[{"href":"https:\/\/marcastel.fr\/wp\/index.php?rest_route=\/wp\/v2\/pages\/174"}],"collection":[{"href":"https:\/\/marcastel.fr\/wp\/index.php?rest_route=\/wp\/v2\/pages"}],"about":[{"href":"https:\/\/marcastel.fr\/wp\/index.php?rest_route=\/wp\/v2\/types\/page"}],"author":[{"embeddable":true,"href":"https:\/\/marcastel.fr\/wp\/index.php?rest_route=\/wp\/v2\/users\/1"}],"replies":[{"embeddable":true,"href":"https:\/\/marcastel.fr\/wp\/index.php?rest_route=%2Fwp%2Fv2%2Fcomments&post=174"}],"version-history":[{"count":2,"href":"https:\/\/marcastel.fr\/wp\/index.php?rest_route=\/wp\/v2\/pages\/174\/revisions"}],"predecessor-version":[{"id":176,"href":"https:\/\/marcastel.fr\/wp\/index.php?rest_route=\/wp\/v2\/pages\/174\/revisions\/176"}],"wp:attachment":[{"href":"https:\/\/marcastel.fr\/wp\/index.php?rest_route=%2Fwp%2Fv2%2Fmedia&parent=174"}],"curies":[{"name":"wp","href":"https:\/\/api.w.org\/{rel}","templated":true}]}}